{"id":195,"date":"2025-03-10T10:32:00","date_gmt":"2025-03-10T10:32:00","guid":{"rendered":"https:\/\/marbresoctavio.com\/es\/?page_id=195"},"modified":"2025-03-20T14:24:15","modified_gmt":"2025-03-20T14:24:15","slug":"avis-legal","status":"publish","type":"page","link":"https:\/\/marbresoctavio.com\/es\/avis-legal\/","title":{"rendered":"Nota Legal"},"content":{"rendered":"[et_pb_section fb_built=&#8221;1&#8243; _builder_version=&#8221;4.27.4&#8243; _module_preset=&#8221;default&#8221; locked=&#8221;off&#8221; global_colors_info=&#8221;{}&#8221;][et_pb_row _builder_version=&#8221;4.27.4&#8243; _module_preset=&#8221;default&#8221; global_colors_info=&#8221;{}&#8221;][et_pb_column type=&#8221;4_4&#8243; _builder_version=&#8221;4.27.4&#8243; _module_preset=&#8221;default&#8221; global_colors_info=&#8221;{}&#8221;][et_pb_text _builder_version=&#8221;4.27.4&#8243; _module_preset=&#8221;default&#8221; global_colors_info=&#8221;{}&#8221;]<h2 class=\"et_pb_module_heading et-fb-editable-element et-fb-editable-element et-fb-editable-element__editing\" data-shortcode-id=\"1.0.0.0-1741602115549\" data-quickaccess-id=\"title\" contenteditable=\"true\">Nota Legal<\/h2>[\/et_pb_text][et_pb_text _builder_version=&#8221;4.27.4&#8243; _module_preset=&#8221;default&#8221; global_colors_info=&#8221;{}&#8221;]<em><strong>LLEI DELS SERVEIS DE LA SOCIETAT DE LA INFORMACI\u00d3 (LSSI)<\/strong><\/em>\n\n<strong>MARBRES OCTAVIO<\/strong>, responsable del lloc web, posa a disposici\u00f3 dels usuaris el present document, amb el qual pret\u00e9n donar compliment a les obligacions disposades en la Llei 34\/2002, de 11 de juliol, de Serveis de la Societat de la Informaci\u00f3 i de comer\u00e7 electr\u00f2nic (LSSICE), aix\u00ed com informar a tots els usuaris del lloc web respecte a quines s\u00f3n les condicions i \u00fas del Portal.\n\nTota persona que accedeixi a aquest lloc web \u00e9s considerat usuari, comprometent-se a l\u2019 observan\u00e7a i compliment rigor\u00f3s de les disposicions aqu\u00ed disposades, aix\u00ed com a qualsevol altra disposici\u00f3 legal que fora d\u2019 aplicaci\u00f3.\n\n<strong>MARBRES OCTAVIO<\/strong> es reserva el dret de modificar qualsevol tipus d\u2019 informaci\u00f3 que pogu\u00e9s apar\u00e8ixer al lloc web, sense que hi hagi obligaci\u00f3 de avisar o posar en coneixement dels usuaris aquestes obligacions.\n\n<span class=\"Apple-converted-space\">\u00a0<\/span>\n<strong>DADES IDENTIFICATIVES<\/strong>\nNom de domini: marbresoctavio.com\nDenominaci\u00f3 social: <strong>Octavio Palats\u00ed Badoch<\/strong>\nNIF:<strong> 40920543R<\/strong>\nDomicili social: <strong>Poligono Industrial el Salt, Cam\u00ed del Pas, 50, 43540 La R\u00e0pita, Tarragona<\/strong>\nTel: <strong>616 88 29 25<\/strong>\nmail: <strong>info@marbresoctaviol.com<\/strong>\nDesenvolupa l\u2019activitat de treballs en pedra i marbre.\n<span class=\"Apple-converted-space\">\u00a0<\/span>\n\n<em><strong>DRETS DE PROPIETAT INTEL\u00b7LECTUAL I INDUSTRIA<\/strong><\/em>L\n\nEl lloc web, incloent a t\u00edtol enunciatiu per\u00f2 no limitatiu la seva programaci\u00f3, edici\u00f3, compilaci\u00f3 i altres elements necessaris per al seu funcionament, els dissenys, logotips, text i \/ o gr\u00e0fics, s\u00f3n propietat de <strong>MARBRES OCTAVIO<\/strong>\u00a0o, si \u00e9s el cas, disposa de llic\u00e8ncia o autoritzaci\u00f3 expressa per part dels autors. Tots els continguts del lloc web es troben degudament protegits per la normativa de propietat intel\u00b7lectual i industrial, aix\u00ed com inscrits en els registres p\u00fablics corresponents.\n\nIndependentment de la finalitat per a la qual fossin destinats, la reproducci\u00f3 total o parcial, \u00fas, explotaci\u00f3, distribuci\u00f3 i comercialitzaci\u00f3, requereix en tot cas de l\u2019 autoritzaci\u00f3 escrita pr\u00e8via per part de <strong>MARBRES OCTAVIO<\/strong>. Qualsevol \u00fas no autoritzat pr\u00e8viament es considera un incompliment greu dels drets de propietat intel\u00b7lectual o industrial de l\u2019 autor.\n\nPer realitzar qualsevol tipus d\u2019observaci\u00f3 respecte a possibles incompliments dels drets de propietat intel\u00b7lectual o industrial, aix\u00ed com sobre qualsevol dels continguts del lloc web, pot fer-ho a trav\u00e9s del correu electr\u00f2nic <strong>MARBRES OCTAVIO<\/strong>.\n\n<em><strong>EXEMPCI\u00d3 DE RESPONSABILITATS<\/strong><\/em>\n\n<strong>MARBRES OCTAVIO<\/strong> s\u2019 eximeix de qualsevol tipus de responsabilitat derivada de la informaci\u00f3 publicada al seu lloc web sempre que aquesta informaci\u00f3 hagi estat manipulada o introdu\u00efda per un tercer ali\u00e8 a aquest.\n\n<em><strong>\u00daS DE COOKIES.<\/strong><\/em>\n\n<span class=\"Apple-converted-space\"><strong>MARBRES OCTAVIO<\/strong> <\/span>no utilitza cookies per recollir informaci\u00f3 dels usuaris, ni registra les adreces IP d\u2019acc\u00e9s. \u00danicament s\u2019 utilitzen cookies pr\u00f2pies, de sessi\u00f3, amb finalitat t\u00e8cnica (aquelles que permeten a l\u2019 usuari la navegaci\u00f3 a trav\u00e9s del lloc web i la utilitzaci\u00f3 de les diferents opcions i serveis que en ella existeixen).\n\n<em><strong>POL\u00cdTICA D\u2019 ENLLA\u00c7OS<\/strong><\/em>\n\nDes del lloc web, \u00e9s possible que es redirigeixi a continguts de tercers llocs web. At\u00e8s que <strong>MARBRES OCTAVIO<\/strong><span class=\"Apple-converted-space\">\u00a0\u00a0<\/span>no pot controlar sempre els continguts introdu\u00efts pels tercers en els seus respectius llocs web, no assumeix cap tipus de responsabilitat respecte a aquests continguts. En tot cas, procedir\u00e0 a la retirada immediata de qualsevol contingut que pogu\u00e9s contravenir la legislaci\u00f3 nacional o internacional, la moral o l\u2019 ordre p\u00fablic, procedint a la retirada immediata de la redirecci\u00f3 a aquest lloc web, posant en coneixement de les autoritats competents el contingut en q\u00fcesti\u00f3.\n\n<strong><span class=\"Apple-converted-space\">MARBRES OCTAVIO <\/span><\/strong>no es fa responsable de la informaci\u00f3 i continguts emmagatzemats, a t\u00edtol enunciatiu per\u00f2 no limitatiu, en f\u00f2rums, xats, generadors de blogs, comentaris, xarxes socials o qualsevol altre mitj\u00e0 que permeti a tercers publicar continguts de forma independent en la p\u00e0gina web de <strong>MARBRES OCTAVIO<\/strong>. No obstant aix\u00f2, i en compliment del que disposen els articles 11 i 16 de la LSSICE, es posa a disposici\u00f3 de tots els usuaris, autoritats i forces de seguretat, col\u00b7laborant de forma activa en la retirada o, si escau, bloqueig de tots aquells continguts que puguin afectar o contravenir la legislaci\u00f3 nacional o internacional, els drets de tercers o la moral i l\u2019 ordre p\u00fablic.\n\nEn cas que l\u2019 usuari consideri que existeix en el lloc web algun contingut que pogu\u00e9s ser susceptible d\u2019aquesta classificaci\u00f3, es prega ho faci saber de forma immediata a<span class=\"Apple-converted-space\">\u00a0 <\/span>l\u2019administrador del lloc web.\n\n<span class=\"Apple-converted-space\">\u00a0<\/span>\n<em><strong>ADRECES IP<\/strong><\/em>\n\nEls servidors del lloc web podran detectar de manera autom\u00e0tica l\u2019 adre\u00e7a IP i el nom de domini utilitzats per l\u2019 usuari. Una adre\u00e7a IP \u00e9s un nombre assignat autom\u00e0ticament a un ordinador quan aquest es connecta a Internet. Tota aquesta informaci\u00f3 \u00e9s registrada en un fitxer d\u2019activitat del servidor degudament inscrit que permet el posterior processament de les dades amb la finalitat d\u2019obtenir mesures \u00fanicament estad\u00edstiques que permetin con\u00e8ixer el nombre d\u2019impressions de p\u00e0gines, el nombre de visites realitzades als servidors web, l\u2019ordre de visites, el punt d\u2019acc\u00e9s, etc.\n\n<em><strong>LLEI APLICABLE I JURISDICCI\u00d3.<\/strong><\/em>\n\nPer a la resoluci\u00f3 de totes les controv\u00e8rsies o q\u00fcestions relacionades amb el present lloc web o de les activitats en ell desenvolupades, ser\u00e0 d\u2019aplicaci\u00f3 la legislaci\u00f3 espanyola, a la qual se sotmeten expressament les parts, sent competents per a la resoluci\u00f3 de tots els conflictes derivats o relacionats amb el seu \u00fas els Jutjats i Tribunals m\u00e9s propers a LA R\u00c0PITA.[\/et_pb_text][\/et_pb_column][\/et_pb_row][\/et_pb_section][et_pb_section fb_built=&#8221;1&#8243; specialty=&#8221;on&#8221; admin_label=&#8221;Footer&#8221; _builder_version=&#8221;4.20.0&#8243; _module_preset=&#8221;default&#8221; background_color=&#8221;#000000&#8243; custom_padding=&#8221;||0px||false|false&#8221; global_module=&#8221;86&#8243; saved_tabs=&#8221;all&#8221; collapsed=&#8221;on&#8221; global_colors_info=&#8221;{}&#8221;][et_pb_column type=&#8221;1_2&#8243; _builder_version=&#8221;4.16&#8243; _module_preset=&#8221;default&#8221; custom_padding=&#8221;|||&#8221; global_colors_info=&#8221;{}&#8221; custom_padding__hover=&#8221;|||&#8221;][et_pb_text _builder_version=&#8221;4.25.2&#8243; _module_preset=&#8221;61b3e1a6-8ac2-4734-b4a8-97890594ba0b&#8221; header_3_text_color=&#8221;#FFFFFF&#8221; global_colors_info=&#8221;{}&#8221;]<h3>Arte en marmol<\/h3>[\/et_pb_text][et_pb_image src=&#8221;https:\/\/marbresoctavio.com\/wp-content\/uploads\/2024\/07\/logo_blanc.png&#8221; title_text=&#8221;logo_blanc&#8221; _builder_version=&#8221;4.25.2&#8243; _module_preset=&#8221;default&#8221; global_colors_info=&#8221;{}&#8221;][\/et_pb_image][\/et_pb_column][et_pb_column type=&#8221;1_2&#8243; specialty_columns=&#8221;2&#8243; _builder_version=&#8221;4.16&#8243; _module_preset=&#8221;default&#8221; custom_padding=&#8221;|||&#8221; global_colors_info=&#8221;{}&#8221; custom_padding__hover=&#8221;|||&#8221;][et_pb_row_inner column_structure=&#8221;1_2,1_2&#8243; _builder_version=&#8221;4.20.0&#8243; _module_preset=&#8221;default&#8221; global_colors_info=&#8221;{}&#8221;][et_pb_column_inner type=&#8221;1_2&#8243; saved_specialty_column_type=&#8221;1_2&#8243; _builder_version=&#8221;4.20.0&#8243; _module_preset=&#8221;default&#8221; global_colors_info=&#8221;{}&#8221;][et_pb_text _builder_version=&#8221;4.26.1&#8243; _module_preset=&#8221;44c28493-aca8-40ec-a264-7217425c4035&#8243; text_text_color=&#8221;#FFFFFF&#8221; link_text_color=&#8221;#FFFFFF&#8221; custom_margin=&#8221;||10px||false|false&#8221; global_colors_info=&#8221;{}&#8221;]<p>+34 616 88 29 25<\/p>[\/et_pb_text][et_pb_text _builder_version=&#8221;4.25.2&#8243; _module_preset=&#8221;44c28493-aca8-40ec-a264-7217425c4035&#8243; text_text_color=&#8221;#FFFFFF&#8221; link_text_color=&#8221;#FFFFFF&#8221; custom_margin=&#8221;||10px||false|false&#8221; global_colors_info=&#8221;{}&#8221;]<p><a href=\"mailto:#\">info@marbresoctavio.com<\/a><a href=\"mailto:#\"><\/a><\/p>[\/et_pb_text][et_pb_text _builder_version=&#8221;4.25.2&#8243; _module_preset=&#8221;44c28493-aca8-40ec-a264-7217425c4035&#8243; text_text_color=&#8221;#FFFFFF&#8221; link_text_color=&#8221;#FFFFFF&#8221; custom_margin=&#8221;||10px||false|false&#8221; global_colors_info=&#8221;{}&#8221;]<p><span>Pol Ind el Salt<br \/>Pas d\u2019en Garrofer, 50<br \/>43540 La R\u00e0pita<br \/>Tarragona<\/span><\/p>[\/et_pb_text][\/et_pb_column_inner][et_pb_column_inner type=&#8221;1_2&#8243; saved_specialty_column_type=&#8221;1_2&#8243; _builder_version=&#8221;4.20.0&#8243; _module_preset=&#8221;default&#8221; global_colors_info=&#8221;{}&#8221;][et_pb_text _builder_version=&#8221;4.27.4&#8243; _module_preset=&#8221;44c28493-aca8-40ec-a264-7217425c4035&#8243; text_text_color=&#8221;#FFFFFF&#8221; link_text_color=&#8221;#FFFFFF&#8221; custom_margin=&#8221;||10px||false|false&#8221; global_colors_info=&#8221;{}&#8221;]<p><a href=\"https:\/\/marbresoctavio.com\/es\/avis-legal\/\">Nota Legal<\/a><br \/><a href=\"https:\/\/marbresoctavio.com\/es\/politica-de-privacitat\/\">Pol\u00edtica de Privacidad<\/a><\/p>[\/et_pb_text][\/et_pb_column_inner][\/et_pb_row_inner][\/et_pb_column][\/et_pb_section]","protected":false},"excerpt":{"rendered":"<p>Av\u00eds LegalLLEI DELS SERVEIS DE LA SOCIETAT DE LA INFORMACI\u00d3 (LSSI) MARBRES OCTAVIO, responsable del lloc web, posa a disposici\u00f3 dels usuaris el present document, amb el qual pret\u00e9n donar compliment a les obligacions disposades en la Llei 34\/2002, de 11 de juliol, de Serveis de la Societat de la Informaci\u00f3 i de comer\u00e7 electr\u00f2nic [&hellip;]<\/p>","protected":false},"author":1,"featured_media":0,"parent":0,"menu_order":0,"comment_status":"closed","ping_status":"closed","template":"","meta":{"_et_pb_use_builder":"on","_et_pb_old_content":"","_et_gb_content_width":"","footnotes":""},"class_list":["post-195","page","type-page","status-publish","hentry"],"yoast_head":"<!-- This site is optimized with the Yoast SEO plugin v24.7 - https:\/\/yoast.com\/wordpress\/plugins\/seo\/ -->\n<title>Av\u00eds Legal - Marbres Octavio<\/title>\n<meta name=\"description\" content=\"Marbres Octavio - Art en marbre per a la teva llar. Av\u00eds Legal\" \/>\n<meta name=\"robots\" content=\"noindex, follow\" \/>\n<meta property=\"og:locale\" content=\"es_ES\" \/>\n<meta property=\"og:type\" content=\"article\" \/>\n<meta property=\"og:title\" content=\"Av\u00eds Legal - Marbres Octavio\" \/>\n<meta property=\"og:description\" content=\"Marbres Octavio - Art en marbre per a la teva llar. Av\u00eds Legal\" \/>\n<meta property=\"og:url\" content=\"https:\/\/marbresoctavio.com\/es\/avis-legal\/\" \/>\n<meta property=\"og:site_name\" content=\"Marbres Octavio\" \/>\n<meta property=\"article:modified_time\" content=\"2025-03-20T14:24:15+00:00\" \/>\n<meta name=\"twitter:card\" content=\"summary_large_image\" \/>\n<meta name=\"twitter:label1\" content=\"Tiempo de lectura\" \/>\n\t<meta name=\"twitter:data1\" content=\"5 minutos\" \/>\n<script type=\"application\/ld+json\" class=\"yoast-schema-graph\">{\"@context\":\"https:\/\/schema.org\",\"@graph\":[{\"@type\":\"WebPage\",\"@id\":\"https:\/\/marbresoctavio.com\/avis-legal\/\",\"url\":\"https:\/\/marbresoctavio.com\/avis-legal\/\",\"name\":\"Av\u00eds Legal - Marbres Octavio\",\"isPartOf\":{\"@id\":\"https:\/\/marbresoctavio.com\/#website\"},\"datePublished\":\"2025-03-10T10:32:00+00:00\",\"dateModified\":\"2025-03-20T14:24:15+00:00\",\"description\":\"Marbres Octavio - Art en marbre per a la teva llar. Av\u00eds Legal\",\"breadcrumb\":{\"@id\":\"https:\/\/marbresoctavio.com\/avis-legal\/#breadcrumb\"},\"inLanguage\":\"es\",\"potentialAction\":[{\"@type\":\"ReadAction\",\"target\":[\"https:\/\/marbresoctavio.com\/avis-legal\/\"]}]},{\"@type\":\"BreadcrumbList\",\"@id\":\"https:\/\/marbresoctavio.com\/avis-legal\/#breadcrumb\",\"itemListElement\":[{\"@type\":\"ListItem\",\"position\":1,\"name\":\"Portada\",\"item\":\"https:\/\/marbresoctavio.com\/\"},{\"@type\":\"ListItem\",\"position\":2,\"name\":\"Av\u00eds Legal\"}]},{\"@type\":\"WebSite\",\"@id\":\"https:\/\/marbresoctavio.com\/#website\",\"url\":\"https:\/\/marbresoctavio.com\/\",\"name\":\"Marbres Octavio\",\"description\":\"Art en marbre per a la teva llar\",\"publisher\":{\"@id\":\"https:\/\/marbresoctavio.com\/#organization\"},\"alternateName\":\"marbresoctavio.com\",\"potentialAction\":[{\"@type\":\"SearchAction\",\"target\":{\"@type\":\"EntryPoint\",\"urlTemplate\":\"https:\/\/marbresoctavio.com\/?s={search_term_string}\"},\"query-input\":{\"@type\":\"PropertyValueSpecification\",\"valueRequired\":true,\"valueName\":\"search_term_string\"}}],\"inLanguage\":\"es\"},{\"@type\":\"Organization\",\"@id\":\"https:\/\/marbresoctavio.com\/#organization\",\"name\":\"Marbres Octavio\",\"alternateName\":\"marbresoctavio.com\",\"url\":\"https:\/\/marbresoctavio.com\/\",\"logo\":{\"@type\":\"ImageObject\",\"inLanguage\":\"es\",\"@id\":\"https:\/\/marbresoctavio.com\/#\/schema\/logo\/image\/\",\"url\":\"https:\/\/marbresoctavio.com\/wp-content\/uploads\/2024\/07\/logo_MO.png\",\"contentUrl\":\"https:\/\/marbresoctavio.com\/wp-content\/uploads\/2024\/07\/logo_MO.png\",\"width\":500,\"height\":500,\"caption\":\"Marbres Octavio\"},\"image\":{\"@id\":\"https:\/\/marbresoctavio.com\/#\/schema\/logo\/image\/\"}}]}<\/script>\n<!-- \/ Yoast SEO plugin. -->","yoast_head_json":{"title":"Av\u00eds Legal - Marbres Octavio","description":"Marbres Octavio - Art en marbre per a la teva llar. Av\u00eds Legal","robots":{"index":"noindex","follow":"follow"},"og_locale":"es_ES","og_type":"article","og_title":"Av\u00eds Legal - Marbres Octavio","og_description":"Marbres Octavio - Art en marbre per a la teva llar. Av\u00eds Legal","og_url":"https:\/\/marbresoctavio.com\/es\/avis-legal\/","og_site_name":"Marbres Octavio","article_modified_time":"2025-03-20T14:24:15+00:00","twitter_card":"summary_large_image","twitter_misc":{"Tiempo de lectura":"5 minutos"},"schema":{"@context":"https:\/\/schema.org","@graph":[{"@type":"WebPage","@id":"https:\/\/marbresoctavio.com\/avis-legal\/","url":"https:\/\/marbresoctavio.com\/avis-legal\/","name":"Av\u00eds Legal - Marbres Octavio","isPartOf":{"@id":"https:\/\/marbresoctavio.com\/#website"},"datePublished":"2025-03-10T10:32:00+00:00","dateModified":"2025-03-20T14:24:15+00:00","description":"Marbres Octavio - Art en marbre per a la teva llar. Av\u00eds Legal","breadcrumb":{"@id":"https:\/\/marbresoctavio.com\/avis-legal\/#breadcrumb"},"inLanguage":"es","potentialAction":[{"@type":"ReadAction","target":["https:\/\/marbresoctavio.com\/avis-legal\/"]}]},{"@type":"BreadcrumbList","@id":"https:\/\/marbresoctavio.com\/avis-legal\/#breadcrumb","itemListElement":[{"@type":"ListItem","position":1,"name":"Portada","item":"https:\/\/marbresoctavio.com\/"},{"@type":"ListItem","position":2,"name":"Av\u00eds Legal"}]},{"@type":"WebSite","@id":"https:\/\/marbresoctavio.com\/#website","url":"https:\/\/marbresoctavio.com\/","name":"Marbres Octavio","description":"Art en marbre per a la teva llar","publisher":{"@id":"https:\/\/marbresoctavio.com\/#organization"},"alternateName":"marbresoctavio.com","potentialAction":[{"@type":"SearchAction","target":{"@type":"EntryPoint","urlTemplate":"https:\/\/marbresoctavio.com\/?s={search_term_string}"},"query-input":{"@type":"PropertyValueSpecification","valueRequired":true,"valueName":"search_term_string"}}],"inLanguage":"es"},{"@type":"Organization","@id":"https:\/\/marbresoctavio.com\/#organization","name":"Marbres Octavio","alternateName":"marbresoctavio.com","url":"https:\/\/marbresoctavio.com\/","logo":{"@type":"ImageObject","inLanguage":"es","@id":"https:\/\/marbresoctavio.com\/#\/schema\/logo\/image\/","url":"https:\/\/marbresoctavio.com\/wp-content\/uploads\/2024\/07\/logo_MO.png","contentUrl":"https:\/\/marbresoctavio.com\/wp-content\/uploads\/2024\/07\/logo_MO.png","width":500,"height":500,"caption":"Marbres Octavio"},"image":{"@id":"https:\/\/marbresoctavio.com\/#\/schema\/logo\/image\/"}}]}},"_links":{"self":[{"href":"https:\/\/marbresoctavio.com\/es\/wp-json\/wp\/v2\/pages\/195","targetHints":{"allow":["GET"]}}],"collection":[{"href":"https:\/\/marbresoctavio.com\/es\/wp-json\/wp\/v2\/pages"}],"about":[{"href":"https:\/\/marbresoctavio.com\/es\/wp-json\/wp\/v2\/types\/page"}],"author":[{"embeddable":true,"href":"https:\/\/marbresoctavio.com\/es\/wp-json\/wp\/v2\/users\/1"}],"replies":[{"embeddable":true,"href":"https:\/\/marbresoctavio.com\/es\/wp-json\/wp\/v2\/comments?post=195"}],"version-history":[{"count":11,"href":"https:\/\/marbresoctavio.com\/es\/wp-json\/wp\/v2\/pages\/195\/revisions"}],"predecessor-version":[{"id":228,"href":"https:\/\/marbresoctavio.com\/es\/wp-json\/wp\/v2\/pages\/195\/revisions\/228"}],"wp:attachment":[{"href":"https:\/\/marbresoctavio.com\/es\/wp-json\/wp\/v2\/media?parent=195"}],"curies":[{"name":"wp","href":"https:\/\/api.w.org\/{rel}","templated":true}]}}